{"id":284,"date":"2022-07-11T13:01:07","date_gmt":"2022-07-11T13:01:07","guid":{"rendered":"http:\/\/Martina"},"modified":"2022-07-11T13:01:07","modified_gmt":"2022-07-11T13:01:07","slug":"politica-de-cookies","status":"publish","type":"page","link":"https:\/\/martinaandco.com\/en\/politica-de-cookies\/","title":{"rendered":"Cookies policy"},"content":{"rendered":"<p>In compliance with the provisions of article 22.2 of Law 34\/2002, of July 11, on Services of the Information Society and Electronic Commerce, this web page informs you, in this section, about the policy of collection and cookie treatment.<\/p>\n<h4 id=\"qu-son-las-cookies\">What are cookies?<\/h4>\n<p>A cookie is a file that is downloaded to your computer when accessing certain web pages. Cookies allow a web page, among other things, to store and retrieve information about the browsing habits of a user or their equipment and, depending on the information they contain and the way in which you use your equipment, they can be used to recognize to user.<\/p>\n<h4 id=\"qu-tipos-de-cookies-utiliza-esta-pgina-web\">What types of cookies does this website use?<\/h4>\n<ul>\n<li><strong>Analysis cookies \u2013<\/strong> They are those that, well treated by us or by third parties, allow us to quantify the number of users and thus carry out the measurement and statistical analysis of the use made by users of the service offered. To do this, your browsing on our website is analyzed in order to improve the offer of products or services that we offer you.<\/li>\n<li><strong>Advertising cookies \u2013<\/strong> They are those that, well treated by us or by third parties, allow us to manage in the most efficient way possible the offer of the advertising spaces that are on the web page, adapting the content of the advertisement to the content of the requested service or to the use made of it. our website. To do this, we can analyze your browsing habits on the Internet and we can show you advertising related to your browsing profile.<\/li>\n<\/ul>\n<h4 id=\"cmo-desactivar-las-cookies\">How to disable Cookies<\/h4>\n<p>You can allow, block or delete the cookies installed on your computer by configuring the options of the browser installed on your computer.<\/p>\n<p>Below you can access the settings of the most frequent web browsers to accept, install or disable cookies:<\/p>\n<ul>\n<li><b><a href=\"http:\/\/support.mozilla.org\/es\/kb\/habilitar-y-deshabilitar-cookies-que-los-sitios-we\" target=\"_blank\" rel=\"nofollow noopener noreferrer\">Firefox<\/a><\/b><\/li>\n<li><b><a href=\"http:\/\/support.apple.com\/kb\/HT1677?viewlocale=es_ES\" target=\"_blank\" rel=\"nofollow noopener noreferrer\">Safari<\/a><\/b><\/li>\n<li><b><a href=\"https:\/\/support.google.com\/chrome\/answer\/95647?hl=es\" target=\"_blank\" rel=\"nofollow noopener noreferrer\">Google Chrome<\/a><\/b><\/li>\n<\/ul>\n<h4 id=\"cookies-de-terceros\">Third Party Cookies<\/h4>\n<p>This website uses third-party services to collect information for statistical purposes and the use of the website.<\/p>","protected":false},"excerpt":{"rendered":"<p>En cumplimiento con lo dispuesto en el art\u00edculo 22.2 de la Ley 34\/2002, de 11 de julio, de Servicios de la Sociedad de la Informaci\u00f3n y de Comercio Electr\u00f3nico, esta p\u00e1gina web le informa, en esta secci\u00f3n, sobre la pol\u00edtica de recogida y tratamiento de cookies. \u00bfQu\u00e9 son las cookies? Una cookie es un fichero [&hellip;]<\/p>","protected":false},"author":4,"featured_media":0,"parent":0,"menu_order":0,"comment_status":"closed","ping_status":"closed","template":"","meta":{"footnotes":""},"class_list":["post-284","page","type-page","status-publish","hentry"],"_links":{"self":[{"href":"https:\/\/martinaandco.com\/en\/wp-json\/wp\/v2\/pages\/284","targetHints":{"allow":["GET"]}}],"collection":[{"href":"https:\/\/martinaandco.com\/en\/wp-json\/wp\/v2\/pages"}],"about":[{"href":"https:\/\/martinaandco.com\/en\/wp-json\/wp\/v2\/types\/page"}],"author":[{"embeddable":true,"href":"https:\/\/martinaandco.com\/en\/wp-json\/wp\/v2\/users\/4"}],"replies":[{"embeddable":true,"href":"https:\/\/martinaandco.com\/en\/wp-json\/wp\/v2\/comments?post=284"}],"version-history":[{"count":0,"href":"https:\/\/martinaandco.com\/en\/wp-json\/wp\/v2\/pages\/284\/revisions"}],"wp:attachment":[{"href":"https:\/\/martinaandco.com\/en\/wp-json\/wp\/v2\/media?parent=284"}],"curies":[{"name":"wp","href":"https:\/\/api.w.org\/{rel}","templated":true}]}}