{"id":17377,"date":"2026-04-19T22:12:39","date_gmt":"2026-04-19T20:12:39","guid":{"rendered":"https:\/\/martinaandco.com\/?post_type=product&#038;p=17377"},"modified":"2026-04-19T22:20:05","modified_gmt":"2026-04-19T20:20:05","slug":"vestido-carmen-2","status":"publish","type":"product","link":"https:\/\/martinaandco.com\/en\/tienda\/vestido-carmen-2\/","title":{"rendered":"Carmen Dress"},"content":{"rendered":"<p>Vestido Carmen. Ideal para evento o d\u00eda especial, vestido sencillo pero muy elegante. Largo midi, falda corte evas\u00e9, lleva el\u00e1stico en parte trasera del vestido para entallar la cintura a varias tallas. Corte superior muy favorecedor con escote pico, pinzas y baberos en hombros que realzan la silueta.<\/p>\n<p>Talla \u00fanica de 36 a 40\/42<\/p>\n<p>&nbsp;<\/p>","protected":false},"excerpt":{"rendered":"<p>Vestido Carmen. Ideal para evento o d\u00eda especial, vestido sencillo pero muy elegante. Largo midi, falda corte evas\u00e9, lleva el\u00e1stico en parte trasera del vestido para entallar la cintura a varias tallas. Corte superior muy favorecedor con escote pico, pinzas y baberos en hombros que realzan la silueta.<\/p>\n<p>Talla \u00fanica de 36 a 40\/42<\/p>","protected":false},"featured_media":17378,"template":"","meta":[],"product_cat":[99],"product_tag":[640,34,641,306],"class_list":{"0":"post-17377","1":"product","2":"type-product","3":"status-publish","4":"has-post-thumbnail","6":"product_cat-vestidos","7":"product_tag-elegante","8":"product_tag-estampado","9":"product_tag-evento","10":"product_tag-vestido-midi","12":"first","13":"instock","14":"purchasable","15":"product-type-simple"},"_links":{"self":[{"href":"https:\/\/martinaandco.com\/en\/wp-json\/wp\/v2\/product\/17377","targetHints":{"allow":["GET"]}}],"collection":[{"href":"https:\/\/martinaandco.com\/en\/wp-json\/wp\/v2\/product"}],"about":[{"href":"https:\/\/martinaandco.com\/en\/wp-json\/wp\/v2\/types\/product"}],"wp:featuredmedia":[{"embeddable":true,"href":"https:\/\/martinaandco.com\/en\/wp-json\/wp\/v2\/media\/17378"}],"wp:attachment":[{"href":"https:\/\/martinaandco.com\/en\/wp-json\/wp\/v2\/media?parent=17377"}],"wp:term":[{"taxonomy":"product_cat","embeddable":true,"href":"https:\/\/martinaandco.com\/en\/wp-json\/wp\/v2\/product_cat?post=17377"},{"taxonomy":"product_tag","embeddable":true,"href":"https:\/\/martinaandco.com\/en\/wp-json\/wp\/v2\/product_tag?post=17377"}],"curies":[{"name":"wp","href":"https:\/\/api.w.org\/{rel}","templated":true}]}}