{"id":17388,"date":"2026-04-19T22:13:24","date_gmt":"2026-04-19T20:13:24","guid":{"rendered":"https:\/\/martinaandco.com\/?post_type=product&#038;p=17388"},"modified":"2026-04-19T22:18:12","modified_gmt":"2026-04-19T20:18:12","slug":"vestido-carmen-burgundy","status":"publish","type":"product","link":"https:\/\/martinaandco.com\/en\/tienda\/vestido-carmen-burgundy\/","title":{"rendered":"Vestido Carmen Burgundy"},"content":{"rendered":"<p>Vestido Carmen Burgundy. Ideal para evento o d\u00eda especial, vestido sencillo pero muy elegante. Largo midi, falda corte evas\u00e9, lleva el\u00e1stico en parte trasera del vestido para entallar la cintura a varias tallas. Corte superior muy favorecedor con escote pico, pinzas y baberos en hombros que realzan la silueta.<\/p>\n<p>Talla \u00fanica de 36 a 40\/42<\/p>\n<p>&nbsp;<\/p>","protected":false},"excerpt":{"rendered":"<p>Vestido Carmen Burgundy. Ideal para evento o d\u00eda especial, vestido sencillo pero muy elegante. Largo midi, falda corte evas\u00e9, lleva el\u00e1stico en parte trasera del vestido para entallar la cintura a varias tallas. Corte superior muy favorecedor con escote pico, pinzas y baberos en hombros que realzan la silueta.<\/p>\n<p>Talla \u00fanica de 36 a 40\/42<\/p>","protected":false},"featured_media":17391,"template":"","meta":[],"product_cat":[99],"product_tag":[640,34,641,306],"class_list":{"0":"post-17388","1":"product","2":"type-product","3":"status-publish","4":"has-post-thumbnail","6":"product_cat-vestidos","7":"product_tag-elegante","8":"product_tag-estampado","9":"product_tag-evento","10":"product_tag-vestido-midi","12":"first","13":"instock","14":"purchasable","15":"product-type-simple"},"_links":{"self":[{"href":"https:\/\/martinaandco.com\/en\/wp-json\/wp\/v2\/product\/17388","targetHints":{"allow":["GET"]}}],"collection":[{"href":"https:\/\/martinaandco.com\/en\/wp-json\/wp\/v2\/product"}],"about":[{"href":"https:\/\/martinaandco.com\/en\/wp-json\/wp\/v2\/types\/product"}],"wp:featuredmedia":[{"embeddable":true,"href":"https:\/\/martinaandco.com\/en\/wp-json\/wp\/v2\/media\/17391"}],"wp:attachment":[{"href":"https:\/\/martinaandco.com\/en\/wp-json\/wp\/v2\/media?parent=17388"}],"wp:term":[{"taxonomy":"product_cat","embeddable":true,"href":"https:\/\/martinaandco.com\/en\/wp-json\/wp\/v2\/product_cat?post=17388"},{"taxonomy":"product_tag","embeddable":true,"href":"https:\/\/martinaandco.com\/en\/wp-json\/wp\/v2\/product_tag?post=17388"}],"curies":[{"name":"wp","href":"https:\/\/api.w.org\/{rel}","templated":true}]}}