{"id":17398,"date":"2026-04-21T17:47:54","date_gmt":"2026-04-21T15:47:54","guid":{"rendered":"https:\/\/martinaandco.com\/?post_type=product&#038;p=17398"},"modified":"2026-04-21T17:47:55","modified_gmt":"2026-04-21T15:47:55","slug":"vestido-pau","status":"publish","type":"product","link":"https:\/\/martinaandco.com\/en\/tienda\/vestido-pau\/","title":{"rendered":"Vestido Pau"},"content":{"rendered":"<p>Vestido Pau. Ideal para el d\u00eda a d\u00eda o para evento. Tejido b\u00e1mbula muy fresquito, corte Kaft\u00e1n con aberturas laterales, largo a tobillo. Lleva bonitas mangas abullonadas y escote en pico. Es muy sencillo y elegante.<\/p>\n<p>Talla \u00fanica 36 a 40\/42<\/p>\n<p>100% Viscose<\/p>\n<p>&nbsp;<\/p>","protected":false},"excerpt":{"rendered":"<p>Vestido Pau. Ideal para el d\u00eda a d\u00eda o para evento. Tejido b\u00e1mbula muy fresquito, corte Kaft\u00e1n con aberturas laterales, largo a tobillo. Lleva bonitas mangas abullonadas y escote en pico. Es muy sencillo y elegante.<\/p>\n<p>Talla \u00fanica 36 a 40\/42<\/p>\n<p>100% Viscose<\/p>\n<p>&nbsp;<\/p>","protected":false},"featured_media":17404,"template":"","meta":[],"product_cat":[99],"product_tag":[640,34,641,306],"class_list":{"0":"post-17398","1":"product","2":"type-product","3":"status-publish","4":"has-post-thumbnail","6":"product_cat-vestidos","7":"product_tag-elegante","8":"product_tag-estampado","9":"product_tag-evento","10":"product_tag-vestido-midi","12":"first","13":"instock","14":"purchasable","15":"product-type-simple"},"_links":{"self":[{"href":"https:\/\/martinaandco.com\/en\/wp-json\/wp\/v2\/product\/17398","targetHints":{"allow":["GET"]}}],"collection":[{"href":"https:\/\/martinaandco.com\/en\/wp-json\/wp\/v2\/product"}],"about":[{"href":"https:\/\/martinaandco.com\/en\/wp-json\/wp\/v2\/types\/product"}],"wp:featuredmedia":[{"embeddable":true,"href":"https:\/\/martinaandco.com\/en\/wp-json\/wp\/v2\/media\/17404"}],"wp:attachment":[{"href":"https:\/\/martinaandco.com\/en\/wp-json\/wp\/v2\/media?parent=17398"}],"wp:term":[{"taxonomy":"product_cat","embeddable":true,"href":"https:\/\/martinaandco.com\/en\/wp-json\/wp\/v2\/product_cat?post=17398"},{"taxonomy":"product_tag","embeddable":true,"href":"https:\/\/martinaandco.com\/en\/wp-json\/wp\/v2\/product_tag?post=17398"}],"curies":[{"name":"wp","href":"https:\/\/api.w.org\/{rel}","templated":true}]}}