{"id":17407,"date":"2026-04-21T17:59:40","date_gmt":"2026-04-21T15:59:40","guid":{"rendered":"https:\/\/martinaandco.com\/?post_type=product&#038;p=17407"},"modified":"2026-04-21T17:59:40","modified_gmt":"2026-04-21T15:59:40","slug":"conjunto-borlones","status":"publish","type":"product","link":"https:\/\/martinaandco.com\/en\/tienda\/conjunto-borlones\/","title":{"rendered":"Conjunto Borlones"},"content":{"rendered":"<p>Conjunto Borlones. Bonito y vers\u00e1til set de top y falda en color hueso con ribete de flecos de algod\u00f3n. El top es corte evas\u00e9 y lleva pinzas en el pecho. Falda corte evas\u00e9 con cintura el\u00e1stica forrada, tambi\u00e9n con remate inferior en blonda y flecos. Tejido suave y fresquito para el verano.<\/p>\n<p>One Size from 36 to 40<\/p>\n<p>&nbsp;<\/p>","protected":false},"excerpt":{"rendered":"<p>Conjunto Borlones. Bonito y vers\u00e1til set de top y falda en color hueso con ribete de flecos de algod\u00f3n. El top es corte evas\u00e9 y lleva pinzas en el pecho. Falda corte evas\u00e9 con cintura el\u00e1stica forrada, tambi\u00e9n con remate inferior en blonda y flecos. Tejido suave y fresquito para el verano.<\/p>\n<p>One Size from 36 to 40<\/p>\n<p>&nbsp;<\/p>","protected":false},"featured_media":17416,"template":"","meta":[],"product_cat":[52],"product_tag":[662,657,639,658,722],"class_list":{"0":"post-17407","1":"product","2":"type-product","3":"status-publish","4":"has-post-thumbnail","6":"product_cat-conjuntos","7":"product_tag-boho-chic","8":"product_tag-comodo","9":"product_tag-conjunto","10":"product_tag-flecos","11":"product_tag-top","13":"first","14":"instock","15":"purchasable","16":"product-type-simple"},"_links":{"self":[{"href":"https:\/\/martinaandco.com\/en\/wp-json\/wp\/v2\/product\/17407","targetHints":{"allow":["GET"]}}],"collection":[{"href":"https:\/\/martinaandco.com\/en\/wp-json\/wp\/v2\/product"}],"about":[{"href":"https:\/\/martinaandco.com\/en\/wp-json\/wp\/v2\/types\/product"}],"wp:featuredmedia":[{"embeddable":true,"href":"https:\/\/martinaandco.com\/en\/wp-json\/wp\/v2\/media\/17416"}],"wp:attachment":[{"href":"https:\/\/martinaandco.com\/en\/wp-json\/wp\/v2\/media?parent=17407"}],"wp:term":[{"taxonomy":"product_cat","embeddable":true,"href":"https:\/\/martinaandco.com\/en\/wp-json\/wp\/v2\/product_cat?post=17407"},{"taxonomy":"product_tag","embeddable":true,"href":"https:\/\/martinaandco.com\/en\/wp-json\/wp\/v2\/product_tag?post=17407"}],"curies":[{"name":"wp","href":"https:\/\/api.w.org\/{rel}","templated":true}]}}