{"id":17450,"date":"2026-05-10T15:55:16","date_gmt":"2026-05-10T13:55:16","guid":{"rendered":"https:\/\/martinaandco.com\/?post_type=product&#038;p=17450"},"modified":"2026-05-10T15:55:17","modified_gmt":"2026-05-10T13:55:17","slug":"conjunto-oxford-summer","status":"publish","type":"product","link":"https:\/\/martinaandco.com\/en\/tienda\/conjunto-oxford-summer\/","title":{"rendered":"Conjunto Oxford Summer"},"content":{"rendered":"<p>Conjunto Oxford Summer. Espectacular de bonito este set de blusa y falda. Tejido de algod\u00f3n finito y fresquito. Blusa ideal con frunce en cuello y mangas. Falda cintura alta, con el\u00e1stico forrado en parte trasera, largo midi y corte evas\u00e9.<\/p>\n<p>One Size 36-38\/40<\/p>","protected":false},"excerpt":{"rendered":"<p>Conjunto Oxford Summer. Espectacular de bonito este set de blusa y falda. Tejido de algod\u00f3n finito y fresquito. Blusa ideal con frunce en cuello y mangas. Falda cintura alta, con el\u00e1stico forrado en parte trasera, largo midi y corte evas\u00e9.<\/p>\n<p>One Size 36-38\/40<\/p>","protected":false},"featured_media":17460,"template":"","meta":[],"product_cat":[52],"product_tag":[716,657,640,34,654],"class_list":{"0":"post-17450","1":"product","2":"type-product","3":"status-publish","4":"has-post-thumbnail","6":"product_cat-conjuntos","7":"product_tag-blusa","8":"product_tag-comodo","9":"product_tag-elegante","10":"product_tag-estampado","11":"product_tag-falda-midi","13":"first","14":"instock","15":"purchasable","16":"product-type-simple"},"_links":{"self":[{"href":"https:\/\/martinaandco.com\/en\/wp-json\/wp\/v2\/product\/17450","targetHints":{"allow":["GET"]}}],"collection":[{"href":"https:\/\/martinaandco.com\/en\/wp-json\/wp\/v2\/product"}],"about":[{"href":"https:\/\/martinaandco.com\/en\/wp-json\/wp\/v2\/types\/product"}],"wp:featuredmedia":[{"embeddable":true,"href":"https:\/\/martinaandco.com\/en\/wp-json\/wp\/v2\/media\/17460"}],"wp:attachment":[{"href":"https:\/\/martinaandco.com\/en\/wp-json\/wp\/v2\/media?parent=17450"}],"wp:term":[{"taxonomy":"product_cat","embeddable":true,"href":"https:\/\/martinaandco.com\/en\/wp-json\/wp\/v2\/product_cat?post=17450"},{"taxonomy":"product_tag","embeddable":true,"href":"https:\/\/martinaandco.com\/en\/wp-json\/wp\/v2\/product_tag?post=17450"}],"curies":[{"name":"wp","href":"https:\/\/api.w.org\/{rel}","templated":true}]}}