{"id":17461,"date":"2026-05-10T16:02:20","date_gmt":"2026-05-10T14:02:20","guid":{"rendered":"https:\/\/martinaandco.com\/?post_type=product&#038;p=17461"},"modified":"2026-05-10T16:02:21","modified_gmt":"2026-05-10T14:02:21","slug":"conjunto-marieta","status":"publish","type":"product","link":"https:\/\/martinaandco.com\/en\/tienda\/conjunto-marieta\/","title":{"rendered":"Conjunto Marieta"},"content":{"rendered":"<p>Conjunto Marieta. Cl\u00e1sico y s\u00faper bonito set de top y falda para d\u00eda especial o todos los d\u00edas. Sencillo top de cuerpo fruncido y tirante con volantito. Falda con cintura el\u00e1stica forrada en parte trasera, corte evas\u00e9 y largo midi<\/p>\n<p>One size 36-38-40\/42<\/p>","protected":false},"excerpt":{"rendered":"<p>Conjunto Marieta. Cl\u00e1sico y s\u00faper bonito set de top y falda para d\u00eda especial o todos los d\u00edas. Sencillo top de cuerpo fruncido y tirante con volantito. Falda con cintura el\u00e1stica forrada en parte trasera, corte evas\u00e9 y largo midi<\/p>\n<p>One size 36-38-40\/42<\/p>","protected":false},"featured_media":17474,"template":"","meta":[],"product_cat":[52],"product_tag":[657,639,640,641,654],"class_list":{"0":"post-17461","1":"product","2":"type-product","3":"status-publish","4":"has-post-thumbnail","6":"product_cat-conjuntos","7":"product_tag-comodo","8":"product_tag-conjunto","9":"product_tag-elegante","10":"product_tag-evento","11":"product_tag-falda-midi","13":"first","14":"instock","15":"purchasable","16":"product-type-simple"},"_links":{"self":[{"href":"https:\/\/martinaandco.com\/en\/wp-json\/wp\/v2\/product\/17461","targetHints":{"allow":["GET"]}}],"collection":[{"href":"https:\/\/martinaandco.com\/en\/wp-json\/wp\/v2\/product"}],"about":[{"href":"https:\/\/martinaandco.com\/en\/wp-json\/wp\/v2\/types\/product"}],"wp:featuredmedia":[{"embeddable":true,"href":"https:\/\/martinaandco.com\/en\/wp-json\/wp\/v2\/media\/17474"}],"wp:attachment":[{"href":"https:\/\/martinaandco.com\/en\/wp-json\/wp\/v2\/media?parent=17461"}],"wp:term":[{"taxonomy":"product_cat","embeddable":true,"href":"https:\/\/martinaandco.com\/en\/wp-json\/wp\/v2\/product_cat?post=17461"},{"taxonomy":"product_tag","embeddable":true,"href":"https:\/\/martinaandco.com\/en\/wp-json\/wp\/v2\/product_tag?post=17461"}],"curies":[{"name":"wp","href":"https:\/\/api.w.org\/{rel}","templated":true}]}}