{"id":17475,"date":"2026-05-10T16:09:41","date_gmt":"2026-05-10T14:09:41","guid":{"rendered":"https:\/\/martinaandco.com\/?post_type=product&#038;p=17475"},"modified":"2026-05-11T11:38:59","modified_gmt":"2026-05-11T09:38:59","slug":"conjunto-four-2","status":"publish","type":"product","link":"https:\/\/martinaandco.com\/en\/tienda\/conjunto-four-2\/","title":{"rendered":"Four Set"},"content":{"rendered":"<p>Conjunto Four. Espectacular traje chaqueta de tejido sat\u00e9n con una ca\u00edda preciosa. Pantal\u00f3n corte recto con bolsillos y cintura el\u00e1stica en parte posterior. Chaqueta cruzada recta y con hombreras.<\/p>\n<p>One size 38-40-42<br \/>\n58% Rayon,<\/p>\n<p>42% viscosa<\/p>","protected":false},"excerpt":{"rendered":"<p>Conjunto Four. Espectacular traje chaqueta de tejido sat\u00e9n con una ca\u00edda preciosa. Pantal\u00f3n corte recto con bolsillos y cintura el\u00e1stica en parte posterior. Chaqueta cruzada recta y con hombreras.<\/p>\n<p>One size 38-40-42<br \/>\n58% Rayon,<\/p>\n<p>42% viscosa<\/p>","protected":false},"featured_media":17484,"template":"","meta":[],"product_cat":[52],"product_tag":[664,657,639,640,644,645],"class_list":{"0":"post-17475","1":"product","2":"type-product","3":"status-publish","4":"has-post-thumbnail","6":"product_cat-conjuntos","7":"product_tag-chaqueta-corta","8":"product_tag-comodo","9":"product_tag-conjunto","10":"product_tag-elegante","11":"product_tag-pantalon","12":"product_tag-satinado","14":"first","15":"instock","16":"purchasable","17":"product-type-simple"},"_links":{"self":[{"href":"https:\/\/martinaandco.com\/en\/wp-json\/wp\/v2\/product\/17475","targetHints":{"allow":["GET"]}}],"collection":[{"href":"https:\/\/martinaandco.com\/en\/wp-json\/wp\/v2\/product"}],"about":[{"href":"https:\/\/martinaandco.com\/en\/wp-json\/wp\/v2\/types\/product"}],"wp:featuredmedia":[{"embeddable":true,"href":"https:\/\/martinaandco.com\/en\/wp-json\/wp\/v2\/media\/17484"}],"wp:attachment":[{"href":"https:\/\/martinaandco.com\/en\/wp-json\/wp\/v2\/media?parent=17475"}],"wp:term":[{"taxonomy":"product_cat","embeddable":true,"href":"https:\/\/martinaandco.com\/en\/wp-json\/wp\/v2\/product_cat?post=17475"},{"taxonomy":"product_tag","embeddable":true,"href":"https:\/\/martinaandco.com\/en\/wp-json\/wp\/v2\/product_tag?post=17475"}],"curies":[{"name":"wp","href":"https:\/\/api.w.org\/{rel}","templated":true}]}}