{"id":17497,"date":"2026-05-10T16:24:40","date_gmt":"2026-05-10T14:24:40","guid":{"rendered":"https:\/\/martinaandco.com\/?post_type=product&#038;p=17497"},"modified":"2026-05-10T16:24:41","modified_gmt":"2026-05-10T14:24:41","slug":"conjunto-adriana","status":"publish","type":"product","link":"https:\/\/martinaandco.com\/en\/tienda\/conjunto-adriana\/","title":{"rendered":"Adriana Set"},"content":{"rendered":"<p>Conjunto Adriana. Estiloso set Comfy de top suelto de tejido b\u00e1mbula, con bonito detalle de volantito sat\u00e9n en mangas y borde inferior. Pantal\u00f3n de cintura el\u00e1stica forrada, corte recto y borde inferior de sat\u00e9n desflecado.<\/p>\n<p>Talla \u00fanica 36 hasta 42<\/p>","protected":false},"excerpt":{"rendered":"<p>Conjunto Adriana. Estiloso set Comfy de top suelto de tejido b\u00e1mbula, con bonito detalle de volantito sat\u00e9n en mangas y borde inferior. Pantal\u00f3n de cintura el\u00e1stica forrada, corte recto y borde inferior de sat\u00e9n desflecado.<\/p>\n<p>Talla \u00fanica 36 hasta 42<\/p>","protected":false},"featured_media":17504,"template":"","meta":[],"product_cat":[52],"product_tag":[657,639,658,644],"class_list":{"0":"post-17497","1":"product","2":"type-product","3":"status-publish","4":"has-post-thumbnail","6":"product_cat-conjuntos","7":"product_tag-comodo","8":"product_tag-conjunto","9":"product_tag-flecos","10":"product_tag-pantalon","12":"first","13":"instock","14":"purchasable","15":"product-type-simple"},"_links":{"self":[{"href":"https:\/\/martinaandco.com\/en\/wp-json\/wp\/v2\/product\/17497","targetHints":{"allow":["GET"]}}],"collection":[{"href":"https:\/\/martinaandco.com\/en\/wp-json\/wp\/v2\/product"}],"about":[{"href":"https:\/\/martinaandco.com\/en\/wp-json\/wp\/v2\/types\/product"}],"wp:featuredmedia":[{"embeddable":true,"href":"https:\/\/martinaandco.com\/en\/wp-json\/wp\/v2\/media\/17504"}],"wp:attachment":[{"href":"https:\/\/martinaandco.com\/en\/wp-json\/wp\/v2\/media?parent=17497"}],"wp:term":[{"taxonomy":"product_cat","embeddable":true,"href":"https:\/\/martinaandco.com\/en\/wp-json\/wp\/v2\/product_cat?post=17497"},{"taxonomy":"product_tag","embeddable":true,"href":"https:\/\/martinaandco.com\/en\/wp-json\/wp\/v2\/product_tag?post=17497"}],"curies":[{"name":"wp","href":"https:\/\/api.w.org\/{rel}","templated":true}]}}