{"id":17530,"date":"2026-05-14T23:46:17","date_gmt":"2026-05-14T21:46:17","guid":{"rendered":"https:\/\/martinaandco.com\/?post_type=product&#038;p=17530"},"modified":"2026-05-14T23:46:17","modified_gmt":"2026-05-14T21:46:17","slug":"conjunto-fiona","status":"publish","type":"product","link":"https:\/\/martinaandco.com\/en\/tienda\/conjunto-fiona\/","title":{"rendered":"Conjunto Fiona"},"content":{"rendered":"<p>Conjunto Fiona. Bonito conjunto de top sin mangas y pantal\u00f3n. Tejido de algod\u00f3n finito con algo de elastano. Top cuello a la caja, sin aberturas, cierre bot\u00f3n en trasera escote. Pantal\u00f3n de original dise\u00f1o, con cintura el\u00e1stica forrada y bolsillos.<\/p>\n<p>One Size 36-38\/40<\/p>","protected":false},"excerpt":{"rendered":"<p>Conjunto Fiona. Bonito conjunto de top sin mangas y pantal\u00f3n. Tejido de algod\u00f3n finito con algo de elastano. Top cuello a la caja, sin aberturas, cierre bot\u00f3n en trasera escote. Pantal\u00f3n de original dise\u00f1o, con cintura el\u00e1stica forrada y bolsillos.<\/p>\n<p>One Size 36-38\/40<\/p>","protected":false},"featured_media":17539,"template":"","meta":[],"product_cat":[52],"product_tag":[657,644,722],"class_list":{"0":"post-17530","1":"product","2":"type-product","3":"status-publish","4":"has-post-thumbnail","6":"product_cat-conjuntos","7":"product_tag-comodo","8":"product_tag-pantalon","9":"product_tag-top","11":"first","12":"instock","13":"purchasable","14":"product-type-simple"},"_links":{"self":[{"href":"https:\/\/martinaandco.com\/en\/wp-json\/wp\/v2\/product\/17530","targetHints":{"allow":["GET"]}}],"collection":[{"href":"https:\/\/martinaandco.com\/en\/wp-json\/wp\/v2\/product"}],"about":[{"href":"https:\/\/martinaandco.com\/en\/wp-json\/wp\/v2\/types\/product"}],"wp:featuredmedia":[{"embeddable":true,"href":"https:\/\/martinaandco.com\/en\/wp-json\/wp\/v2\/media\/17539"}],"wp:attachment":[{"href":"https:\/\/martinaandco.com\/en\/wp-json\/wp\/v2\/media?parent=17530"}],"wp:term":[{"taxonomy":"product_cat","embeddable":true,"href":"https:\/\/martinaandco.com\/en\/wp-json\/wp\/v2\/product_cat?post=17530"},{"taxonomy":"product_tag","embeddable":true,"href":"https:\/\/martinaandco.com\/en\/wp-json\/wp\/v2\/product_tag?post=17530"}],"curies":[{"name":"wp","href":"https:\/\/api.w.org\/{rel}","templated":true}]}}