{"id":17540,"date":"2026-05-14T23:53:27","date_gmt":"2026-05-14T21:53:27","guid":{"rendered":"https:\/\/martinaandco.com\/?post_type=product&#038;p=17540"},"modified":"2026-05-14T23:53:28","modified_gmt":"2026-05-14T21:53:28","slug":"conjunto-ornella","status":"publish","type":"product","link":"https:\/\/martinaandco.com\/en\/tienda\/conjunto-ornella\/","title":{"rendered":"Conjunto Ornella"},"content":{"rendered":"<p>Conjunto Ornella. Ideal set de 2 piezas muy vers\u00e1til y bonito. Top cuello a la caja con bonito dise\u00f1o en todo el per\u00edmetro. Es de corte recto y llega por encima de la cadera. Pantal\u00f3n recto con cintura el\u00e1stica forrada y volantito inferior.<\/p>\n<p>Tejido sueco algod\u00f3n y 10% elastano<\/p>\n<p>One Size 36-38\/40<\/p>","protected":false},"excerpt":{"rendered":"<p>Conjunto Ornella. Ideal set de 2 piezas muy vers\u00e1til y bonito. Top cuello a la caja con bonito dise\u00f1o en todo el per\u00edmetro. Es de corte recto y llega por encima de la cadera. Pantal\u00f3n recto con cintura el\u00e1stica forrada y volantito inferior.<\/p>\n<p>Tejido sueco algod\u00f3n y 10% elastano<\/p>\n<p>One Size 36-38\/40<\/p>","protected":false},"featured_media":17550,"template":"","meta":[],"product_cat":[52],"product_tag":[657,639,644,722],"class_list":{"0":"post-17540","1":"product","2":"type-product","3":"status-publish","4":"has-post-thumbnail","6":"product_cat-conjuntos","7":"product_tag-comodo","8":"product_tag-conjunto","9":"product_tag-pantalon","10":"product_tag-top","12":"first","13":"instock","14":"purchasable","15":"product-type-simple"},"_links":{"self":[{"href":"https:\/\/martinaandco.com\/en\/wp-json\/wp\/v2\/product\/17540","targetHints":{"allow":["GET"]}}],"collection":[{"href":"https:\/\/martinaandco.com\/en\/wp-json\/wp\/v2\/product"}],"about":[{"href":"https:\/\/martinaandco.com\/en\/wp-json\/wp\/v2\/types\/product"}],"wp:featuredmedia":[{"embeddable":true,"href":"https:\/\/martinaandco.com\/en\/wp-json\/wp\/v2\/media\/17550"}],"wp:attachment":[{"href":"https:\/\/martinaandco.com\/en\/wp-json\/wp\/v2\/media?parent=17540"}],"wp:term":[{"taxonomy":"product_cat","embeddable":true,"href":"https:\/\/martinaandco.com\/en\/wp-json\/wp\/v2\/product_cat?post=17540"},{"taxonomy":"product_tag","embeddable":true,"href":"https:\/\/martinaandco.com\/en\/wp-json\/wp\/v2\/product_tag?post=17540"}],"curies":[{"name":"wp","href":"https:\/\/api.w.org\/{rel}","templated":true}]}}